{"id":15539,"date":"2025-04-19T14:52:09","date_gmt":"2025-04-19T12:52:09","guid":{"rendered":"http:\/\/localhost\/ecotubeurs\/?page_id=15539"},"modified":"2025-07-24T18:06:48","modified_gmt":"2025-07-24T16:06:48","slug":"fonctionnement","status":"publish","type":"page","link":"https:\/\/ecotubeurs.com\/index.php\/fonctionnement\/","title":{"rendered":"Fonctionnement"},"content":{"rendered":"<div id=\"cmsmasters_row_53fljt1xuv\" class=\"cmsmasters_row cmsmasters_color_scheme_default cmsmasters_row_top_default cmsmasters_row_bot_default cmsmasters_row_boxed\">\n<div class=\"cmsmasters_row_outer_parent\">\n<div class=\"cmsmasters_row_outer\">\n<div class=\"cmsmasters_row_inner\">\n<div class=\"cmsmasters_row_margin\">\n<div id=\"cmsmasters_column_9r33b16g9d\" class=\"cmsmasters_column one_first\">\n<div class=\"cmsmasters_column_inner\">\n<div class=\"cmsmasters_slider\">\n\t\t\t\t<p class=\"rs-p-wp-fix\"><\/p>\n\t\t\t\t<sr7-module data-alias=\"Fonctionnement\" data-id=\"7\" id=\"SR7_7_1\" class=\"rs-ov-hidden\" data-version=\"6.7.28\">\n\t\t\t\t\t<sr7-adjuster><\/sr7-adjuster>\n\t\t\t\t\t<sr7-content>\n\t\t\t\t\t\t<sr7-slide id=\"SR7_7_1-19\" data-key=\"19\">\n\t\t\t\t\t\t\t<sr7-bg id=\"SR7_7_1-19-1\" class=\"sr7-layer\"><noscript><img decoding=\"async\" src=\"https:\/\/ecotubeurs.com\/wp-content\/uploads\/2025\/07\/ECOTUBEUR_HEADER_FONCTIONNEMENT.png\" alt=\"\" title=\"ECOTUBEUR_HEADER_FONCTIONNEMENT\"><\/noscript><\/sr7-bg>\n\t\t\t\t\t\t\t<sr7-txt id=\"SR7_7_1-19-0\" class=\"sr7-layer\">Fonctionnement<\/sr7-txt>\n\t\t\t\t\t\t<\/sr7-slide>\n\t\t\t\t\t\t<sr7-slide id=\"SR7_7_1-20\" data-key=\"20\">\n\t\t\t\t\t\t<\/sr7-slide>\n\t\t\t\t\t<\/sr7-content>\n\t\t\t\t\t<image_lists style=\"display:none\">\n\t\t\t\t\t\t<img data-src=\"\/\/ecotubeurs.com\/wp-content\/uploads\/2025\/07\/ECOTUBEUR_HEADER_FONCTIONNEMENT.png\" data-libid=\"15742\" data-lib=\"medialibrary\" title=\"ECOTUBEUR_HEADER_FONCTIONNEMENT\" width=\"0\" height=\"0\" data-dbsrc=\"Ly9lY290dWJldXJzLmNvbS93cC1jb250ZW50L3VwbG9hZHMvMjAyNS8wNy9FQ09UVUJFVVJfSEVBREVSX0ZPTkNUSU9OTkVNRU5ULnBuZw==\"\/>\n\t\t\t\t\t<\/image_lists>\n\t\t\t\t<\/sr7-module>\n\t\t\t\t<script>\n\t\t\t\t\tSR7.PMH ??={}; SR7.PMH[\"SR7_7_1\"] = {cn:100,state:false,fn: function() { if (_tpt!==undefined && _tpt.prepareModuleHeight !== undefined) {  _tpt.prepareModuleHeight({id:\"SR7_7_1\",el:[500,500,768,960,720],type:'standard',shdw:'0',gh:[500,500,413,314,194],gw:[1240,1240,1024,778,480],vpt:['-100px'],size:{fullWidth:true, fullHeight:false},mh:'0',onh:0,onw:0,bg:{color:'{\"orig\":\"transparent\",\"type\":\"solid\",\"string\":\"transparent\"}'}});   SR7.PMH[\"SR7_7_1\"].state=true;} else if(SR7.PMH[\"SR7_7_1\"].cn-->0)\tsetTimeout( SR7.PMH[\"SR7_7_1\"].fn,19);}};SR7.PMH[\"SR7_7_1\" ].fn();\n\t\t\t\t<\/script>\n<\/div>\n<\/div><\/div>\n<\/div>\n<\/div>\n<\/div>\n<\/div>\n<\/div>\n<div id=\"cmsmasters_row_080ivqh8mm\" class=\"cmsmasters_row cmsmasters_color_scheme_default cmsmasters_row_top_default cmsmasters_row_bot_default cmsmasters_row_fullwidth\">\n<div class=\"cmsmasters_row_outer_parent\">\n<div class=\"cmsmasters_row_outer\">\n<div class=\"cmsmasters_row_inner cmsmasters_row_fullwidth\">\n<div class=\"cmsmasters_row_margin\">\n<div id=\"cmsmasters_column_jd1xo5st19\" class=\"cmsmasters_column one_first\">\n<div class=\"cmsmasters_column_inner\"><div class=\"cmsmasters_text\">\n<p dir=\"ltr\"><strong>Les Ecotubeurs rassemblent audiovisuel, culture et sensibilisation au d\u00e9veloppement durable. Chaque \u00e9tablissement peut pr\u00e9senter 1 projet.<\/strong><\/p>\n<p>&nbsp;<\/p>\n<p dir=\"ltr\"><strong>Guide du contenu :<\/strong><\/p>\n<ul>\n<li>Les cr\u00e9ations ne doivent en aucun cas comporter des sc\u00e8nes de nudit\u00e9 et de violence, montrer des substances illicites et de l\u2019alcool.<\/li>\n<li dir=\"ltr\" role=\"presentation\">Les cr\u00e9ations ne doivent pas comporter de publicit\u00e9 et ne doivent pas avoir entra\u00een\u00e9 en amont une transaction financi\u00e8re de la part d\u2019une marque, d\u2019une entreprise ou d\u2019une institution. Aucune marques ne doit \u00eatre apparentes , ni cit\u00e9es.<\/li>\n<li dir=\"ltr\" role=\"presentation\">Le film doit avoir un titre apparent dans la vid\u00e9o. Il ne doit pas d\u00e9passer 5 minutes en comptant le g\u00e9n\u00e9rique.<\/li>\n<li dir=\"ltr\" role=\"presentation\">Le g\u00e9n\u00e9rique doit citer toutes les personnes ayant particip\u00e9 au projet.<\/li>\n<li dir=\"ltr\" role=\"presentation\">Le film doit \u00eatre r\u00e9alis\u00e9 en langue fran\u00e7aise ou sous-titr\u00e9.<\/li>\n<li dir=\"ltr\" role=\"presentation\">Le format attendu est le suivant : Format MP4 (H264), MOV, WMV et AVI<\/li>\n<\/ul>\n<p>R\u00e9solution 16\/9 : 1280&#215;720 px ou 1920&#215;1080 px<\/p>\n<\/div>\n<\/div><\/div>\n<\/div>\n<\/div>\n<\/div>\n<\/div>\n<\/div>\n\n","protected":false},"excerpt":{"rendered":"","protected":false},"author":1,"featured_media":0,"parent":0,"menu_order":0,"comment_status":"closed","ping_status":"closed","template":"","meta":{"footnotes":""},"class_list":["post-15539","page","type-page","status-publish","hentry"],"_links":{"self":[{"href":"https:\/\/ecotubeurs.com\/index.php\/wp-json\/wp\/v2\/pages\/15539","targetHints":{"allow":["GET"]}}],"collection":[{"href":"https:\/\/ecotubeurs.com\/index.php\/wp-json\/wp\/v2\/pages"}],"about":[{"href":"https:\/\/ecotubeurs.com\/index.php\/wp-json\/wp\/v2\/types\/page"}],"author":[{"embeddable":true,"href":"https:\/\/ecotubeurs.com\/index.php\/wp-json\/wp\/v2\/users\/1"}],"replies":[{"embeddable":true,"href":"https:\/\/ecotubeurs.com\/index.php\/wp-json\/wp\/v2\/comments?post=15539"}],"version-history":[{"count":10,"href":"https:\/\/ecotubeurs.com\/index.php\/wp-json\/wp\/v2\/pages\/15539\/revisions"}],"predecessor-version":[{"id":15712,"href":"https:\/\/ecotubeurs.com\/index.php\/wp-json\/wp\/v2\/pages\/15539\/revisions\/15712"}],"wp:attachment":[{"href":"https:\/\/ecotubeurs.com\/index.php\/wp-json\/wp\/v2\/media?parent=15539"}],"curies":[{"name":"wp","href":"https:\/\/api.w.org\/{rel}","templated":true}]}}