{"id":15548,"date":"2025-04-19T14:53:54","date_gmt":"2025-04-19T12:53:54","guid":{"rendered":"http:\/\/localhost\/ecotubeurs\/?page_id=15548"},"modified":"2025-07-24T17:16:30","modified_gmt":"2025-07-24T15:16:30","slug":"palmares","status":"publish","type":"page","link":"https:\/\/ecotubeurs.com\/index.php\/palmares\/","title":{"rendered":"Palmar\u00e8s"},"content":{"rendered":"<div id=\"cmsmasters_row_58i7jz6ozd\" class=\"cmsmasters_row cmsmasters_color_scheme_default cmsmasters_row_top_default cmsmasters_row_bot_default cmsmasters_row_fullwidth\">\n<div class=\"cmsmasters_row_outer_parent\">\n<div class=\"cmsmasters_row_outer\">\n<div class=\"cmsmasters_row_inner cmsmasters_row_fullwidth\">\n<div class=\"cmsmasters_row_margin\">\n<div id=\"cmsmasters_column_\" class=\"cmsmasters_column one_first\">\n<div class=\"cmsmasters_column_inner\">\n<div class=\"cmsmasters_slider\">\n\t\t\t\t<p class=\"rs-p-wp-fix\"><\/p>\n\t\t\t\t<sr7-module data-alias=\"Palmars\" data-id=\"10\" id=\"SR7_10_1\" class=\"rs-ov-hidden\" data-version=\"6.7.28\">\n\t\t\t\t\t<sr7-adjuster><\/sr7-adjuster>\n\t\t\t\t\t<sr7-content>\n\t\t\t\t\t\t<sr7-slide id=\"SR7_10_1-25\" data-key=\"25\">\n\t\t\t\t\t\t\t<sr7-bg id=\"SR7_10_1-25-1\" class=\"sr7-layer\"><noscript><img decoding=\"async\" src=\"https:\/\/ecotubeurs.com\/wp-content\/uploads\/2025\/07\/ECOTUBEUR_HEADER_PALMARES.png\" alt=\"\" title=\"ECOTUBEUR_HEADER_PALMARES\"><\/noscript><\/sr7-bg>\n\t\t\t\t\t\t\t<sr7-txt id=\"SR7_10_1-25-0\" class=\"sr7-layer\">Palmar\u00e8s<\/sr7-txt>\n\t\t\t\t\t\t<\/sr7-slide>\n\t\t\t\t\t\t<sr7-slide id=\"SR7_10_1-26\" data-key=\"26\">\n\t\t\t\t\t\t<\/sr7-slide>\n\t\t\t\t\t<\/sr7-content>\n\t\t\t\t\t<image_lists style=\"display:none\">\n\t\t\t\t\t\t<img data-src=\"\/\/ecotubeurs.com\/wp-content\/uploads\/2025\/07\/ECOTUBEUR_HEADER_PALMARES.png\" data-libid=\"15744\" data-lib=\"medialibrary\" title=\"ECOTUBEUR_HEADER_PALMARES\" width=\"0\" height=\"0\" data-dbsrc=\"Ly9lY290dWJldXJzLmNvbS93cC1jb250ZW50L3VwbG9hZHMvMjAyNS8wNy9FQ09UVUJFVVJfSEVBREVSX1BBTE1BUkVTLnBuZw==\"\/>\n\t\t\t\t\t<\/image_lists>\n\t\t\t\t<\/sr7-module>\n\t\t\t\t<script>\n\t\t\t\t\tSR7.PMH ??={}; SR7.PMH[\"SR7_10_1\"] = {cn:100,state:false,fn: function() { if (_tpt!==undefined && _tpt.prepareModuleHeight !== undefined) {  _tpt.prepareModuleHeight({id:\"SR7_10_1\",el:[500,500,768,960,720],type:'standard',shdw:'0',gh:[500,500,413,314,194],gw:[1240,1240,1024,778,480],vpt:['-100px'],size:{fullWidth:true, fullHeight:false},mh:'0',onh:0,onw:0,bg:{color:'{\"orig\":\"transparent\",\"type\":\"solid\",\"string\":\"transparent\"}'}});   SR7.PMH[\"SR7_10_1\"].state=true;} else if(SR7.PMH[\"SR7_10_1\"].cn-->0)\tsetTimeout( SR7.PMH[\"SR7_10_1\"].fn,19);}};SR7.PMH[\"SR7_10_1\" ].fn();\n\t\t\t\t<\/script>\n<\/div>\n<\/div><\/div>\n<\/div>\n<\/div>\n<\/div>\n<\/div>\n<\/div>\n<div id=\"cmsmasters_row_0saxkiywwi\" class=\"cmsmasters_row cmsmasters_color_scheme_default cmsmasters_row_top_default cmsmasters_row_bot_default cmsmasters_row_fullwidth\">\n<div class=\"cmsmasters_row_outer_parent\">\n<div class=\"cmsmasters_row_outer\">\n<div class=\"cmsmasters_row_inner cmsmasters_row_fullwidth cmsmasters_row_no_margin\">\n<div class=\"cmsmasters_row_margin cmsmasters_row_columns_behavior\">\n<div id=\"cmsmasters_column_sclh9r6jib\" class=\"cmsmasters_column one_first\">\n<div class=\"cmsmasters_column_inner\"><div id=\"cmsmasters_heading_llrgq98o7e\" class=\"cmsmasters_heading_wrap cmsmasters_heading_align_left\">\n\t<h2 class=\"cmsmasters_heading\">R\u00e9sultats 2024 (films, \u00e9coles, acad\u00e9mies)<\/h2>\n<\/div><div id=\"cmsmasters_heading_3pnapf8le\" class=\"cmsmasters_heading_wrap cmsmasters_heading_align_left\">\n\t<h5 class=\"cmsmasters_heading\">Le jury 2024 a d\u00e9cern\u00e9 5 prix \u00c9cotubeurs pour l&rsquo;ann\u00e9e 2024 :<\/h5>\n<\/div>\n<\/div><\/div>\n<\/div>\n<\/div>\n<\/div>\n<\/div>\n<\/div>\n<div id=\"cmsmasters_row_nxztefv5kh\" class=\"cmsmasters_row cmsmasters_color_scheme_default cmsmasters_row_top_default cmsmasters_row_bot_default cmsmasters_row_fullwidth\">\n<div class=\"cmsmasters_row_outer_parent\">\n<div class=\"cmsmasters_row_outer\">\n<div class=\"cmsmasters_row_inner cmsmasters_row_fullwidth cmsmasters_row_no_margin\">\n<div class=\"cmsmasters_row_margin cmsmasters_row_columns_behavior\">\n<div id=\"cmsmasters_column_n1xw3mgoca\" class=\"cmsmasters_column one_half\">\n<div class=\"cmsmasters_column_inner\"><div class=\"cmsmasters_video\">\n<div style=\"width: 350px;\" class=\"wp-video\"><video class=\"wp-video-shortcode\" id=\"video-15548-1\" width=\"350\" height=\"200\" poster=\"https:\/\/ecotubeurs.com\/wp-content\/uploads\/2025\/04\/Dont-Clothes-Your-Eyes-Ecotubeurs-Saison-2024-1-mp4-image.png\" preload=\"none\" controls=\"controls\"><source type=\"video\/mp4\" src=\"https:\/\/ecotubeurs.com\/wp-content\/uploads\/2025\/04\/Dont-Clothes-Your-Eyes-Ecotubeurs-Saison-2024-1.mp4?_=1\" \/><a href=\"https:\/\/ecotubeurs.com\/wp-content\/uploads\/2025\/04\/Dont-Clothes-Your-Eyes-Ecotubeurs-Saison-2024-1.mp4\">https:\/\/ecotubeurs.com\/wp-content\/uploads\/2025\/04\/Dont-Clothes-Your-Eyes-Ecotubeurs-Saison-2024-1.mp4<\/a><\/video><\/div><\/div><div class=\"cmsmasters_text\">\n<p><\/p>\n<\/div>\n<div class=\"cmsmasters_text\">\n<p><\/p>\n<\/div>\n<div class=\"cmsmasters_text\">\n<p><\/p>\n<\/div>\n<div class=\"cmsmasters_video\">\n<div style=\"width: 350px;\" class=\"wp-video\"><video class=\"wp-video-shortcode\" id=\"video-15548-2\" width=\"350\" height=\"200\" preload=\"none\" controls=\"controls\"><source type=\"video\/mp4\" src=\"https:\/\/ecotubeurs.com\/wp-content\/uploads\/2025\/04\/A-vous-de-choisir-Ecotubeurs-Saison-2024-1.mp4?_=2\" \/><a href=\"https:\/\/ecotubeurs.com\/wp-content\/uploads\/2025\/04\/A-vous-de-choisir-Ecotubeurs-Saison-2024-1.mp4\">https:\/\/ecotubeurs.com\/wp-content\/uploads\/2025\/04\/A-vous-de-choisir-Ecotubeurs-Saison-2024-1.mp4<\/a><\/video><\/div><\/div><div class=\"cmsmasters_text\">\n<p><\/p>\n<\/div>\n<div class=\"cmsmasters_text\">\n<p><\/p>\n<\/div>\n<div class=\"cmsmasters_text\">\n<p><\/p>\n<\/div>\n<div class=\"cmsmasters_video\">\n<div style=\"width: 350px;\" class=\"wp-video\"><video class=\"wp-video-shortcode\" id=\"video-15548-3\" width=\"350\" height=\"200\" preload=\"none\" controls=\"controls\"><source type=\"video\/mp4\" src=\"https:\/\/ecotubeurs.com\/wp-content\/uploads\/2025\/04\/Un-Noe\u0308l-Sans-Eau-Ecotubeurs-Saison-2024.mp4?_=3\" \/><a href=\"https:\/\/ecotubeurs.com\/wp-content\/uploads\/2025\/04\/Un-Noe\u0308l-Sans-Eau-Ecotubeurs-Saison-2024.mp4\">https:\/\/ecotubeurs.com\/wp-content\/uploads\/2025\/04\/Un-Noe\u0308l-Sans-Eau-Ecotubeurs-Saison-2024.mp4<\/a><\/video><\/div><\/div><div class=\"cmsmasters_text\">\n<p><\/p>\n<\/div>\n<div class=\"cmsmasters_text\">\n<p><\/p>\n<\/div>\n<div class=\"cmsmasters_text\">\n<p><\/p>\n<\/div>\n<div class=\"cmsmasters_video\">\n<div style=\"width: 350px;\" class=\"wp-video\"><video class=\"wp-video-shortcode\" id=\"video-15548-4\" width=\"350\" height=\"200\" poster=\"https:\/\/ecotubeurs.com\/wp-content\/uploads\/2025\/04\/Poisson-Plastoc-Ecotubeurs-Saison-2024-mp4-image.png\" preload=\"none\" controls=\"controls\"><source type=\"video\/mp4\" src=\"https:\/\/ecotubeurs.com\/wp-content\/uploads\/2025\/04\/Poisson-Plastoc-Ecotubeurs-Saison-2024.mp4?_=4\" \/><a href=\"https:\/\/ecotubeurs.com\/wp-content\/uploads\/2025\/04\/Poisson-Plastoc-Ecotubeurs-Saison-2024.mp4\">https:\/\/ecotubeurs.com\/wp-content\/uploads\/2025\/04\/Poisson-Plastoc-Ecotubeurs-Saison-2024.mp4<\/a><\/video><\/div><\/div><div class=\"cmsmasters_text\">\n<p><\/p>\n<\/div>\n<div class=\"cmsmasters_text\">\n<p><\/p>\n<\/div>\n<div class=\"cmsmasters_text\">\n<p><\/p>\n<\/div>\n<div class=\"cmsmasters_video\">\n<div style=\"width: 350px;\" class=\"wp-video\"><video class=\"wp-video-shortcode\" id=\"video-15548-5\" width=\"350\" height=\"200\" poster=\"https:\/\/ecotubeurs.com\/wp-content\/uploads\/2025\/04\/Love-la-Mangrove-Ecotubeurs-Saison-2024-mp4-image.png\" preload=\"none\" controls=\"controls\"><source type=\"video\/mp4\" src=\"https:\/\/ecotubeurs.com\/wp-content\/uploads\/2025\/04\/Love-la-Mangrove-Ecotubeurs-Saison-2024.mp4?_=5\" \/><a href=\"https:\/\/ecotubeurs.com\/wp-content\/uploads\/2025\/04\/Love-la-Mangrove-Ecotubeurs-Saison-2024.mp4\">https:\/\/ecotubeurs.com\/wp-content\/uploads\/2025\/04\/Love-la-Mangrove-Ecotubeurs-Saison-2024.mp4<\/a><\/video><\/div><\/div>\n<\/div><\/div>\n<div id=\"cmsmasters_column_9mt1sfof39\" class=\"cmsmasters_column one_half\">\n<div class=\"cmsmasters_column_inner\"><div id=\"cmsmasters_heading_gdqdgvtavf\" class=\"cmsmasters_heading_wrap cmsmasters_heading_align_left\">\n\t<h2 class=\"cmsmasters_heading cmsmasters-icon-trophy\">Grand Prix Lyc\u00e9e<\/h2>\n<\/div><div id=\"cmsmasters_heading_94ac3sl9gh\" class=\"cmsmasters_heading_wrap cmsmasters_heading_align_left\">\n\t<h4 class=\"cmsmasters_heading\">\u00ab Don\u2019t Clothes Your Eyes \u00bb<\/h4>\n<\/div><div id=\"cmsmasters_heading_x6xce998ei\" class=\"cmsmasters_heading_wrap cmsmasters_heading_align_left\">\n\t<h5 class=\"cmsmasters_heading\">Lyc\u00e9e Saint Michel<\/h5>\n<\/div><div id=\"cmsmasters_heading_vwxyej61vo\" class=\"cmsmasters_heading_wrap cmsmasters_heading_align_left\">\n\t<h5 class=\"cmsmasters_heading\">Annecy (AC Grenoble)<\/h5>\n<\/div><div id=\"cmsmasters_heading_ko5uk0vn2l\" class=\"cmsmasters_heading_wrap cmsmasters_heading_align_left\">\n\t<h2 class=\"cmsmasters_heading cmsmasters-icon-award-alt\">Prix du Jury Lyc\u00e9e<\/h2>\n<\/div><div id=\"cmsmasters_heading_qx5ub9sioo\" class=\"cmsmasters_heading_wrap cmsmasters_heading_align_left\">\n\t<h4 class=\"cmsmasters_heading\">\u00ab A vous de choisir \u00bb<\/h4>\n<\/div><div id=\"cmsmasters_heading_oiasz1dmh0\" class=\"cmsmasters_heading_wrap cmsmasters_heading_align_left\">\n\t<h5 class=\"cmsmasters_heading\">Lyc\u00e9e agricole d\u2019Hy\u00e8res<\/h5>\n<\/div><div id=\"cmsmasters_heading_eh4sdx7tne\" class=\"cmsmasters_heading_wrap cmsmasters_heading_align_left\">\n\t<h5 class=\"cmsmasters_heading\">Hy\u00e8res (AC Nice)<\/h5>\n<\/div><div id=\"cmsmasters_heading_exnrr40dxs\" class=\"cmsmasters_heading_wrap cmsmasters_heading_align_left\">\n\t<h2 class=\"cmsmasters_heading cmsmasters-icon-trophy\">Grand Prix Coll\u00e8ge<\/h2>\n<\/div><div id=\"cmsmasters_heading_qjdewkeuaf\" class=\"cmsmasters_heading_wrap cmsmasters_heading_align_left\">\n\t<h4 class=\"cmsmasters_heading\">\u00ab Un No\u00ebl Sans Eau \u00bb<\/h4>\n<\/div><div id=\"cmsmasters_heading_2yxcwtqu5n\" class=\"cmsmasters_heading_wrap cmsmasters_heading_align_left\">\n\t<h5 class=\"cmsmasters_heading\">Notre Dame des Missions<\/h5>\n<\/div><div id=\"cmsmasters_heading_mn9td4747n\" class=\"cmsmasters_heading_wrap cmsmasters_heading_align_left\">\n\t<h5 class=\"cmsmasters_heading\">Toulon (AC Nice)<\/h5>\n<\/div><div id=\"cmsmasters_heading_xxwz9tc6ko\" class=\"cmsmasters_heading_wrap cmsmasters_heading_align_left\">\n\t<h2 class=\"cmsmasters_heading cmsmasters-icon-award-alt\">Prix du Jury Coll\u00e8ge<\/h2>\n<\/div><div id=\"cmsmasters_heading_fy5niydvk8\" class=\"cmsmasters_heading_wrap cmsmasters_heading_align_left\">\n\t<h4 class=\"cmsmasters_heading\">\u00ab Poisson Plastoc \u00bb<\/h4>\n<\/div><div id=\"cmsmasters_heading_6ueewpdwol\" class=\"cmsmasters_heading_wrap cmsmasters_heading_align_left\">\n\t<h5 class=\"cmsmasters_heading\">Coll\u00e8ge Anne Cartier<\/h5>\n<\/div><div id=\"cmsmasters_heading_ay3f55s1y\" class=\"cmsmasters_heading_wrap cmsmasters_heading_align_left\">\n\t<h5 class=\"cmsmasters_heading\">Livron-Sur-Dr\u00f4me (AC Grenoble)<\/h5>\n<\/div><div id=\"cmsmasters_heading_5kjqtx00kw\" class=\"cmsmasters_heading_wrap cmsmasters_heading_align_left\">\n\t<h2 class=\"cmsmasters_heading cmsmasters-icon-award-alt\">Prix du Public \u00c9cole Primaire<\/h2>\n<\/div><div id=\"cmsmasters_heading_u8xteik9em\" class=\"cmsmasters_heading_wrap cmsmasters_heading_align_left\">\n\t<h4 class=\"cmsmasters_heading\">\u00ab Love la Mangrove \u00bb<\/h4>\n<\/div><div id=\"cmsmasters_heading_77zlidaxf\" class=\"cmsmasters_heading_wrap cmsmasters_heading_align_left\">\n\t<h5 class=\"cmsmasters_heading\">\u00c9cole Edgard Galliot<\/h5>\n<\/div><div id=\"cmsmasters_heading_h7bhkhemy6\" class=\"cmsmasters_heading_wrap cmsmasters_heading_align_left\">\n\t<h5 class=\"cmsmasters_heading\">Guyane (AC Guyane)<\/h5>\n<\/div>\n<\/div><\/div>\n<\/div>\n<\/div>\n<\/div>\n<\/div>\n<\/div>\n<div id=\"cmsmasters_row_hhb54er9mo\" class=\"cmsmasters_row cmsmasters_color_scheme_default cmsmasters_row_top_default cmsmasters_row_bot_default cmsmasters_row_boxed\">\n<div class=\"cmsmasters_row_outer_parent\">\n<div class=\"cmsmasters_row_outer\">\n<div class=\"cmsmasters_row_inner\">\n<div class=\"cmsmasters_row_margin\">\n<div id=\"cmsmasters_column_4eo0fwj728\" class=\"cmsmasters_column one_first\">\n<div class=\"cmsmasters_column_inner\"><div class=\"cmsmasters_text\">\n<h2 style=\"text-align: center; font-family: 'montserrat'; color: #24734d;\">D\u00e9couvrez l&rsquo;ensemble des cr\u00e9ations en s\u00e9lection officielle 2024 <a href=\"https:\/\/www.youtube.com\/watch?v=4ZzHQ6ixWAU&amp;list=PLDRfxnKB5JdGgzXlTlpFufKv6uTPBhYyJ\">ici.<\/a><\/h2>\n<\/div>\n<\/div><\/div>\n<\/div>\n<\/div>\n<\/div>\n<\/div>\n<\/div>\n<div id=\"cmsmasters_row_cgj1apajd\" class=\"cmsmasters_row cmsmasters_color_scheme_default cmsmasters_row_top_default cmsmasters_row_bot_default cmsmasters_row_fullwidth\">\n<div class=\"cmsmasters_row_outer_parent\">\n<div class=\"cmsmasters_row_outer\">\n<div class=\"cmsmasters_row_inner cmsmasters_row_fullwidth cmsmasters_row_no_margin\">\n<div class=\"cmsmasters_row_margin cmsmasters_row_columns_behavior\">\n<div id=\"cmsmasters_column_mwyyshvcpg\" class=\"cmsmasters_column one_first\">\n<div class=\"cmsmasters_column_inner\"><div id=\"cmsmasters_heading_m311l90wg6\" class=\"cmsmasters_heading_wrap cmsmasters_heading_align_left\">\n\t<h2 class=\"cmsmasters_heading\">R\u00e9compenses 2025 par niveau<\/h2>\n<\/div>\n<\/div><\/div>\n<\/div>\n<\/div>\n<\/div>\n<\/div>\n<\/div>\n<div id=\"cmsmasters_row_qzmd3xu0kr\" class=\"cmsmasters_row cmsmasters_color_scheme_default cmsmasters_row_top_default cmsmasters_row_bot_default cmsmasters_row_boxed\">\n<div class=\"cmsmasters_row_outer_parent\">\n<div class=\"cmsmasters_row_outer\">\n<div class=\"cmsmasters_row_inner\">\n<div class=\"cmsmasters_row_margin\">\n<div id=\"cmsmasters_column_4u0d4cxlhh\" class=\"cmsmasters_column one_half\">\n<div class=\"cmsmasters_column_inner\"><div id=\"cmsmasters_heading_oiecp0xtq\" class=\"cmsmasters_heading_wrap cmsmasters_heading_align_left\">\n\t<h3 class=\"cmsmasters_heading cmsmasters-icon-trophy\">Grand Prix Lyc\u00e9e<\/h3>\n<\/div><div id=\"cmsmasters_heading_d6qdd6yioe\" class=\"cmsmasters_heading_wrap cmsmasters_heading_align_left\">\n\t<h3 class=\"cmsmasters_heading cmsmasters-icon-trophy\">Grand Prix Coll\u00e8ge<\/h3>\n<\/div><div id=\"cmsmasters_heading_645zs20vc5\" class=\"cmsmasters_heading_wrap cmsmasters_heading_align_left\">\n\t<h3 class=\"cmsmasters_heading cmsmasters-icon-trophy\">Grand Prix Primaire<\/h3>\n<\/div>\n<\/div><\/div>\n<div id=\"cmsmasters_column_7i9k7ld3kd\" class=\"cmsmasters_column one_half\">\n<div class=\"cmsmasters_column_inner\"><div id=\"cmsmasters_heading_dv4mulfdl5\" class=\"cmsmasters_heading_wrap cmsmasters_heading_align_left\">\n\t<h3 class=\"cmsmasters_heading cmsmasters-icon-award-alt\">Prix Agricole<\/h3>\n<\/div><div id=\"cmsmasters_heading_ag5x97v84k\" class=\"cmsmasters_heading_wrap cmsmasters_heading_align_left\">\n\t<h3 class=\"cmsmasters_heading cmsmasters-icon-award-alt\">Prix Europ\u00e9ens<\/h3>\n<\/div><div id=\"cmsmasters_heading_nqaka0htjb\" class=\"cmsmasters_heading_wrap cmsmasters_heading_align_left\">\n\t<h3 class=\"cmsmasters_heading cmsmasters-icon-award-alt\">Prix International<\/h3>\n<\/div><div id=\"cmsmasters_heading_rwpjhm1kos\" class=\"cmsmasters_heading_wrap cmsmasters_heading_align_left\">\n\t<h3 class=\"cmsmasters_heading cmsmasters-icon-award-alt\">Prix Musique<\/h3>\n<\/div><div id=\"cmsmasters_heading_b7mohg4v\" class=\"cmsmasters_heading_wrap cmsmasters_heading_align_left\">\n\t<h3 class=\"cmsmasters_heading cmsmasters-icon-award-alt\">Prix Reportage<\/h3>\n<\/div>\n<\/div><\/div>\n<\/div>\n<\/div>\n<\/div>\n<\/div>\n<\/div>\n\n","protected":false},"excerpt":{"rendered":"","protected":false},"author":1,"featured_media":0,"parent":0,"menu_order":0,"comment_status":"closed","ping_status":"closed","template":"","meta":{"footnotes":""},"class_list":["post-15548","page","type-page","status-publish","hentry"],"_links":{"self":[{"href":"https:\/\/ecotubeurs.com\/index.php\/wp-json\/wp\/v2\/pages\/15548","targetHints":{"allow":["GET"]}}],"collection":[{"href":"https:\/\/ecotubeurs.com\/index.php\/wp-json\/wp\/v2\/pages"}],"about":[{"href":"https:\/\/ecotubeurs.com\/index.php\/wp-json\/wp\/v2\/types\/page"}],"author":[{"embeddable":true,"href":"https:\/\/ecotubeurs.com\/index.php\/wp-json\/wp\/v2\/users\/1"}],"replies":[{"embeddable":true,"href":"https:\/\/ecotubeurs.com\/index.php\/wp-json\/wp\/v2\/comments?post=15548"}],"version-history":[{"count":18,"href":"https:\/\/ecotubeurs.com\/index.php\/wp-json\/wp\/v2\/pages\/15548\/revisions"}],"predecessor-version":[{"id":15684,"href":"https:\/\/ecotubeurs.com\/index.php\/wp-json\/wp\/v2\/pages\/15548\/revisions\/15684"}],"wp:attachment":[{"href":"https:\/\/ecotubeurs.com\/index.php\/wp-json\/wp\/v2\/media?parent=15548"}],"curies":[{"name":"wp","href":"https:\/\/api.w.org\/{rel}","templated":true}]}}