{"id":15745,"date":"2025-07-30T16:07:16","date_gmt":"2025-07-30T14:07:16","guid":{"rendered":"https:\/\/ecotubeurs.com\/?page_id=15745"},"modified":"2025-07-31T15:09:08","modified_gmt":"2025-07-31T13:09:08","slug":"palmares-2025","status":"publish","type":"page","link":"https:\/\/ecotubeurs.com\/index.php\/palmares-2025\/","title":{"rendered":"Palmar\u00e8s 2025"},"content":{"rendered":"<div id=\"cmsmasters_row_vap2petb1f\" class=\"cmsmasters_row cmsmasters_color_scheme_default cmsmasters_row_top_default cmsmasters_row_bot_default cmsmasters_row_fullwidth\">\n<div class=\"cmsmasters_row_outer_parent\">\n<div class=\"cmsmasters_row_outer\">\n<div class=\"cmsmasters_row_inner cmsmasters_row_fullwidth\">\n<div class=\"cmsmasters_row_margin\">\n<div id=\"cmsmasters_column_\" class=\"cmsmasters_column one_first\">\n<div class=\"cmsmasters_column_inner\">\n<div class=\"cmsmasters_slider\">\n\t\t\t\t<p class=\"rs-p-wp-fix\"><\/p>\n\t\t\t\t<sr7-module data-alias=\"Palmars\" data-id=\"10\" id=\"SR7_10_1\" class=\"rs-ov-hidden\" data-version=\"6.7.28\">\n\t\t\t\t\t<sr7-adjuster><\/sr7-adjuster>\n\t\t\t\t\t<sr7-content>\n\t\t\t\t\t\t<sr7-slide id=\"SR7_10_1-25\" data-key=\"25\">\n\t\t\t\t\t\t\t<sr7-bg id=\"SR7_10_1-25-1\" class=\"sr7-layer\"><noscript><img decoding=\"async\" src=\"https:\/\/ecotubeurs.com\/wp-content\/uploads\/2025\/07\/ECOTUBEUR_HEADER_PALMARES.png\" alt=\"\" title=\"ECOTUBEUR_HEADER_PALMARES\"><\/noscript><\/sr7-bg>\n\t\t\t\t\t\t\t<sr7-txt id=\"SR7_10_1-25-0\" class=\"sr7-layer\">Palmar\u00e8s<\/sr7-txt>\n\t\t\t\t\t\t<\/sr7-slide>\n\t\t\t\t\t\t<sr7-slide id=\"SR7_10_1-26\" data-key=\"26\">\n\t\t\t\t\t\t<\/sr7-slide>\n\t\t\t\t\t<\/sr7-content>\n\t\t\t\t\t<image_lists style=\"display:none\">\n\t\t\t\t\t\t<img data-src=\"\/\/ecotubeurs.com\/wp-content\/uploads\/2025\/07\/ECOTUBEUR_HEADER_PALMARES.png\" data-libid=\"15744\" data-lib=\"medialibrary\" title=\"ECOTUBEUR_HEADER_PALMARES\" width=\"0\" height=\"0\" data-dbsrc=\"Ly9lY290dWJldXJzLmNvbS93cC1jb250ZW50L3VwbG9hZHMvMjAyNS8wNy9FQ09UVUJFVVJfSEVBREVSX1BBTE1BUkVTLnBuZw==\"\/>\n\t\t\t\t\t<\/image_lists>\n\t\t\t\t<\/sr7-module>\n\t\t\t\t<script>\n\t\t\t\t\tSR7.PMH ??={}; SR7.PMH[\"SR7_10_1\"] = {cn:100,state:false,fn: function() { if (_tpt!==undefined && _tpt.prepareModuleHeight !== undefined) {  _tpt.prepareModuleHeight({id:\"SR7_10_1\",el:[500,500,768,960,720],type:'standard',shdw:'0',gh:[500,500,413,314,194],gw:[1240,1240,1024,778,480],vpt:['-100px'],size:{fullWidth:true, fullHeight:false},mh:'0',onh:0,onw:0,bg:{color:'{\"orig\":\"transparent\",\"type\":\"solid\",\"string\":\"transparent\"}'}});   SR7.PMH[\"SR7_10_1\"].state=true;} else if(SR7.PMH[\"SR7_10_1\"].cn-->0)\tsetTimeout( SR7.PMH[\"SR7_10_1\"].fn,19);}};SR7.PMH[\"SR7_10_1\" ].fn();\n\t\t\t\t<\/script>\n<\/div>\n<\/div><\/div>\n<\/div>\n<\/div>\n<\/div>\n<\/div>\n<\/div>\n<div id=\"cmsmasters_row_wqcui8eqyt\" class=\"cmsmasters_row cmsmasters_color_scheme_default cmsmasters_row_top_default cmsmasters_row_bot_default cmsmasters_row_fullwidth\">\n<div class=\"cmsmasters_row_outer_parent\">\n<div class=\"cmsmasters_row_outer\">\n<div class=\"cmsmasters_row_inner cmsmasters_row_fullwidth cmsmasters_row_no_margin\">\n<div class=\"cmsmasters_row_margin cmsmasters_row_columns_behavior\">\n<div id=\"cmsmasters_column_sclh9r6jib\" class=\"cmsmasters_column one_first\">\n<div class=\"cmsmasters_column_inner\"><div id=\"cmsmasters_heading_5trsc74bv7\" class=\"cmsmasters_heading_wrap cmsmasters_heading_align_left\">\n\t<h2 class=\"cmsmasters_heading\">R\u00e9sultats 2025 (films, \u00e9coles, acad\u00e9mies)<\/h2>\n<\/div><div id=\"cmsmasters_heading_79ue4ttlkk\" class=\"cmsmasters_heading_wrap cmsmasters_heading_align_left\">\n\t<h5 class=\"cmsmasters_heading\">Le jury 2025 a d\u00e9cern\u00e9 8 prix \u00c9cotubeurs pour l&rsquo;ann\u00e9e 2025 :<\/h5>\n<\/div>\n<\/div><\/div>\n<\/div>\n<\/div>\n<\/div>\n<\/div>\n<\/div>\n<div id=\"cmsmasters_row_kmpqcp65fr\" class=\"cmsmasters_row cmsmasters_color_scheme_default cmsmasters_row_top_default cmsmasters_row_bot_default cmsmasters_row_fullwidth\">\n<div class=\"cmsmasters_row_outer_parent\">\n<div class=\"cmsmasters_row_outer\">\n<div class=\"cmsmasters_row_inner cmsmasters_row_fullwidth cmsmasters_row_no_margin\">\n<div class=\"cmsmasters_row_margin cmsmasters_row_columns_behavior\">\n<div id=\"cmsmasters_column_n1xw3mgoca\" class=\"cmsmasters_column one_half\">\n<div class=\"cmsmasters_column_inner\"><div class=\"cmsmasters_video\">\n<div style=\"width: 350px;\" class=\"wp-video\"><video class=\"wp-video-shortcode\" id=\"video-15745-1\" width=\"350\" height=\"200\" poster=\"https:\/\/ecotubeurs.com\/wp-content\/uploads\/2025\/07\/La-Derniere-Lueur-Tle-Lycee-La-Providence-Dieuze-AC-Nancy-Metz-2025-mp4-image.png\" preload=\"none\" controls=\"controls\"><source type=\"video\/mp4\" src=\"https:\/\/ecotubeurs.com\/wp-content\/uploads\/2025\/07\/La-Derniere-Lueur-Tle-Lycee-La-Providence-Dieuze-AC-Nancy-Metz-2025.mp4?_=1\" \/><a href=\"https:\/\/ecotubeurs.com\/wp-content\/uploads\/2025\/07\/La-Derniere-Lueur-Tle-Lycee-La-Providence-Dieuze-AC-Nancy-Metz-2025.mp4\">https:\/\/ecotubeurs.com\/wp-content\/uploads\/2025\/07\/La-Derniere-Lueur-Tle-Lycee-La-Providence-Dieuze-AC-Nancy-Metz-2025.mp4<\/a><\/video><\/div><\/div><div class=\"cmsmasters_video\">\n<div style=\"width: 350px;\" class=\"wp-video\"><video class=\"wp-video-shortcode\" id=\"video-15745-2\" width=\"350\" height=\"200\" poster=\"https:\/\/ecotubeurs.com\/wp-content\/uploads\/2025\/07\/Le-Jardin-Du-Coeur-eco-delegues-College-Edmond-Lucien-Valard-Saint-Esprit-AC-Martinique-2025-mp4-image.png\" preload=\"none\" controls=\"controls\"><source type=\"video\/mp4\" src=\"https:\/\/ecotubeurs.com\/wp-content\/uploads\/2025\/07\/Le-Jardin-Du-Coeur-eco-delegues-College-Edmond-Lucien-Valard-Saint-Esprit-AC-Martinique-2025.mp4?_=2\" \/><a href=\"https:\/\/ecotubeurs.com\/wp-content\/uploads\/2025\/07\/Le-Jardin-Du-Coeur-eco-delegues-College-Edmond-Lucien-Valard-Saint-Esprit-AC-Martinique-2025.mp4\">https:\/\/ecotubeurs.com\/wp-content\/uploads\/2025\/07\/Le-Jardin-Du-Coeur-eco-delegues-College-Edmond-Lucien-Valard-Saint-Esprit-AC-Martinique-2025.mp4<\/a><\/video><\/div><\/div><div class=\"cmsmasters_video\">\n<div style=\"width: 350px;\" class=\"wp-video\"><video class=\"wp-video-shortcode\" id=\"video-15745-3\" width=\"350\" height=\"200\" poster=\"https:\/\/ecotubeurs.com\/wp-content\/uploads\/2025\/07\/Les-Mesaventures-de-Lulu-la-Tortue-CE2-Ecole-elementaire-Peyrignac-AC-Bordeaux-2025-mp4-image.png\" preload=\"none\" controls=\"controls\"><source type=\"video\/mp4\" src=\"https:\/\/ecotubeurs.com\/wp-content\/uploads\/2025\/07\/Les-Mesaventures-de-Lulu-la-Tortue-CE2-Ecole-elementaire-Peyrignac-AC-Bordeaux-2025.mp4?_=3\" \/><a href=\"https:\/\/ecotubeurs.com\/wp-content\/uploads\/2025\/07\/Les-Mesaventures-de-Lulu-la-Tortue-CE2-Ecole-elementaire-Peyrignac-AC-Bordeaux-2025.mp4\">https:\/\/ecotubeurs.com\/wp-content\/uploads\/2025\/07\/Les-Mesaventures-de-Lulu-la-Tortue-CE2-Ecole-elementaire-Peyrignac-AC-Bordeaux-2025.mp4<\/a><\/video><\/div><\/div><div class=\"cmsmasters_video\">\n<div style=\"width: 350px;\" class=\"wp-video\"><video class=\"wp-video-shortcode\" id=\"video-15745-4\" width=\"350\" height=\"200\" poster=\"https:\/\/ecotubeurs.com\/wp-content\/uploads\/2025\/07\/Prise-de-Conscience-4e-College-Jean-Zay-Valence-AC-Grenoble-2025-mp4-image.png\" preload=\"none\" controls=\"controls\"><source type=\"video\/mp4\" src=\"https:\/\/ecotubeurs.com\/wp-content\/uploads\/2025\/07\/Prise-de-Conscience-4e-College-Jean-Zay-Valence-AC-Grenoble-2025.mp4?_=4\" \/><a href=\"https:\/\/ecotubeurs.com\/wp-content\/uploads\/2025\/07\/Prise-de-Conscience-4e-College-Jean-Zay-Valence-AC-Grenoble-2025.mp4\">https:\/\/ecotubeurs.com\/wp-content\/uploads\/2025\/07\/Prise-de-Conscience-4e-College-Jean-Zay-Valence-AC-Grenoble-2025.mp4<\/a><\/video><\/div><\/div><div class=\"cmsmasters_video\">\n<div style=\"width: 350px;\" class=\"wp-video\"><video class=\"wp-video-shortcode\" id=\"video-15745-5\" width=\"350\" height=\"200\" poster=\"https:\/\/ecotubeurs.com\/wp-content\/uploads\/2025\/07\/La-Vie-Va-Trop-Vite-6e-a-3e-College-Paul-Painleve-Sevran-AC-Creteil-2025-mp4-image.png\" preload=\"none\" controls=\"controls\"><source type=\"video\/mp4\" src=\"https:\/\/ecotubeurs.com\/wp-content\/uploads\/2025\/07\/La-Vie-Va-Trop-Vite-6e-a-3e-College-Paul-Painleve-Sevran-AC-Creteil-2025.mp4?_=5\" \/><a href=\"https:\/\/ecotubeurs.com\/wp-content\/uploads\/2025\/07\/La-Vie-Va-Trop-Vite-6e-a-3e-College-Paul-Painleve-Sevran-AC-Creteil-2025.mp4\">https:\/\/ecotubeurs.com\/wp-content\/uploads\/2025\/07\/La-Vie-Va-Trop-Vite-6e-a-3e-College-Paul-Painleve-Sevran-AC-Creteil-2025.mp4<\/a><\/video><\/div><\/div><div class=\"cmsmasters_video\">\n<div style=\"width: 350px;\" class=\"wp-video\"><video class=\"wp-video-shortcode\" id=\"video-15745-6\" width=\"350\" height=\"200\" poster=\"https:\/\/ecotubeurs.com\/wp-content\/uploads\/2025\/07\/Demain-Cest-Maintenant-5e-College-Fraissinet-Marseille-AC-Aix-en-Provence-2025-mp4-image.png\" preload=\"none\" controls=\"controls\"><source type=\"video\/mp4\" src=\"https:\/\/ecotubeurs.com\/wp-content\/uploads\/2025\/07\/Demain-Cest-Maintenant-5e-College-Fraissinet-Marseille-AC-Aix-en-Provence-2025.mp4?_=6\" \/><a href=\"https:\/\/ecotubeurs.com\/wp-content\/uploads\/2025\/07\/Demain-Cest-Maintenant-5e-College-Fraissinet-Marseille-AC-Aix-en-Provence-2025.mp4\">https:\/\/ecotubeurs.com\/wp-content\/uploads\/2025\/07\/Demain-Cest-Maintenant-5e-College-Fraissinet-Marseille-AC-Aix-en-Provence-2025.mp4<\/a><\/video><\/div><\/div><div class=\"cmsmasters_video\">\n<div style=\"width: 350px;\" class=\"wp-video\"><video class=\"wp-video-shortcode\" id=\"video-15745-7\" width=\"350\" height=\"200\" poster=\"https:\/\/ecotubeurs.com\/wp-content\/uploads\/2025\/07\/Le-Prix-de-lAir-Espagne-Saison-2025-mp4-image.png\" preload=\"none\" controls=\"controls\"><source type=\"video\/mp4\" src=\"https:\/\/ecotubeurs.com\/wp-content\/uploads\/2025\/07\/Le-Prix-de-lAir-Espagne-Saison-2025.mp4?_=7\" \/><a href=\"https:\/\/ecotubeurs.com\/wp-content\/uploads\/2025\/07\/Le-Prix-de-lAir-Espagne-Saison-2025.mp4\">https:\/\/ecotubeurs.com\/wp-content\/uploads\/2025\/07\/Le-Prix-de-lAir-Espagne-Saison-2025.mp4<\/a><\/video><\/div><\/div><div class=\"cmsmasters_video\">\n<div style=\"width: 350px;\" class=\"wp-video\"><video class=\"wp-video-shortcode\" id=\"video-15745-8\" width=\"350\" height=\"200\" poster=\"https:\/\/ecotubeurs.com\/wp-content\/uploads\/2025\/07\/La-Nature-est-une-Autre-Tle-Lycee-Franco-Costaricien-Curridabat-AC-Poitiers-2025-mp4-image.png\" preload=\"none\" controls=\"controls\"><source type=\"video\/mp4\" src=\"https:\/\/ecotubeurs.com\/wp-content\/uploads\/2025\/07\/La-Nature-est-une-Autre-Tle-Lycee-Franco-Costaricien-Curridabat-AC-Poitiers-2025.mp4?_=8\" \/><a href=\"https:\/\/ecotubeurs.com\/wp-content\/uploads\/2025\/07\/La-Nature-est-une-Autre-Tle-Lycee-Franco-Costaricien-Curridabat-AC-Poitiers-2025.mp4\">https:\/\/ecotubeurs.com\/wp-content\/uploads\/2025\/07\/La-Nature-est-une-Autre-Tle-Lycee-Franco-Costaricien-Curridabat-AC-Poitiers-2025.mp4<\/a><\/video><\/div><\/div><div class=\"cmsmasters_video\">\n<div style=\"width: 350px;\" class=\"wp-video\"><video class=\"wp-video-shortcode\" id=\"video-15745-9\" width=\"350\" height=\"200\" poster=\"https:\/\/ecotubeurs.com\/wp-content\/uploads\/2025\/07\/Grand-Prix-du-Jury-2025-Quelles-Photos-Pour-Demain-Notre-Dame-de-la-Riche-Tours-AC-Orleans-mp4-image.png\" preload=\"none\" controls=\"controls\"><source type=\"video\/mp4\" src=\"https:\/\/ecotubeurs.com\/wp-content\/uploads\/2025\/07\/Grand-Prix-du-Jury-2025-Quelles-Photos-Pour-Demain-Notre-Dame-de-la-Riche-Tours-AC-Orleans.mp4?_=9\" \/><a href=\"https:\/\/ecotubeurs.com\/wp-content\/uploads\/2025\/07\/Grand-Prix-du-Jury-2025-Quelles-Photos-Pour-Demain-Notre-Dame-de-la-Riche-Tours-AC-Orleans.mp4\">https:\/\/ecotubeurs.com\/wp-content\/uploads\/2025\/07\/Grand-Prix-du-Jury-2025-Quelles-Photos-Pour-Demain-Notre-Dame-de-la-Riche-Tours-AC-Orleans.mp4<\/a><\/video><\/div><\/div>\n<\/div><\/div>\n<div id=\"cmsmasters_column_9mt1sfof39\" class=\"cmsmasters_column one_half\">\n<div class=\"cmsmasters_column_inner\"><div id=\"cmsmasters_heading_a9fa6w4dax\" class=\"cmsmasters_heading_wrap cmsmasters_heading_align_left\">\n\t<h2 class=\"cmsmasters_heading cmsmasters-icon-trophy\">Grand Prix Lyc\u00e9e<\/h2>\n<\/div><div id=\"cmsmasters_heading_f5e83vacz\" class=\"cmsmasters_heading_wrap cmsmasters_heading_align_left\">\n\t<h4 class=\"cmsmasters_heading\">\u00ab La Derni\u00e8re Lueur \u00bb<\/h4>\n<\/div><div id=\"cmsmasters_heading_0dl2d120a\" class=\"cmsmasters_heading_wrap cmsmasters_heading_align_left\">\n\t<h5 class=\"cmsmasters_heading\">Lyc\u00e9e La Providence<\/h5>\n<\/div><div id=\"cmsmasters_heading_p9e615lyh\" class=\"cmsmasters_heading_wrap cmsmasters_heading_align_left\">\n\t<h5 class=\"cmsmasters_heading\">Dieuze <\/h5>\n<\/div><div id=\"cmsmasters_heading_wvy4r4yjli\" class=\"cmsmasters_heading_wrap cmsmasters_heading_align_left\">\n\t<h2 class=\"cmsmasters_heading cmsmasters-icon-trophy\">Grand Prix Coll\u00e8ge<\/h2>\n<\/div><div id=\"cmsmasters_heading_3qz1ausd\" class=\"cmsmasters_heading_wrap cmsmasters_heading_align_left\">\n\t<h4 class=\"cmsmasters_heading\">\u00ab An Tche Jaden Nou \u00bb<\/h4>\n<\/div><div id=\"cmsmasters_heading_6ld98n6coo\" class=\"cmsmasters_heading_wrap cmsmasters_heading_align_left\">\n\t<h5 class=\"cmsmasters_heading\">Coll\u00e8ge Edmond Lucien Valard<\/h5>\n<\/div><div id=\"cmsmasters_heading_mv6manzzn\" class=\"cmsmasters_heading_wrap cmsmasters_heading_align_left\">\n\t<h5 class=\"cmsmasters_heading\">Saint-Esprit (Martinique)<\/h5>\n<\/div><div id=\"cmsmasters_heading_usfarzxrtl\" class=\"cmsmasters_heading_wrap cmsmasters_heading_align_left\">\n\t<h2 class=\"cmsmasters_heading cmsmasters-icon-trophy\">Grand Prix Primaire<\/h2>\n<\/div><div id=\"cmsmasters_heading_9dlrigdabp\" class=\"cmsmasters_heading_wrap cmsmasters_heading_align_left\">\n\t<h4 class=\"cmsmasters_heading\">\u00ab Les m\u00e9saventures de Lulu la tortue \u00bb<\/h4>\n<\/div><div id=\"cmsmasters_heading_ihy23hoik9\" class=\"cmsmasters_heading_wrap cmsmasters_heading_align_left\">\n\t<h5 class=\"cmsmasters_heading\">\u00c9cole \u00e9l\u00e9mentaire<\/h5>\n<\/div><div id=\"cmsmasters_heading_efmlc2brk\" class=\"cmsmasters_heading_wrap cmsmasters_heading_align_left\">\n\t<h5 class=\"cmsmasters_heading\">Peyrignac<\/h5>\n<\/div><div id=\"cmsmasters_heading_6gcdvcoi6q\" class=\"cmsmasters_heading_wrap cmsmasters_heading_align_left\">\n\t<h2 class=\"cmsmasters_heading cmsmasters-icon-award-alt\">Prix Reportage<\/h2>\n<\/div><div id=\"cmsmasters_heading_fph6wzzbid\" class=\"cmsmasters_heading_wrap cmsmasters_heading_align_left\">\n\t<h4 class=\"cmsmasters_heading\">\u00ab Prise de Conscience \u00bb<\/h4>\n<\/div><div id=\"cmsmasters_heading_y4onxwzjlf\" class=\"cmsmasters_heading_wrap cmsmasters_heading_align_left\">\n\t<h5 class=\"cmsmasters_heading\">Coll\u00e8ge Jean Zay<\/h5>\n<\/div><div id=\"cmsmasters_heading_kgt74tj47\" class=\"cmsmasters_heading_wrap cmsmasters_heading_align_left\">\n\t<h5 class=\"cmsmasters_heading\">Valence<\/h5>\n<\/div><div id=\"cmsmasters_heading_17r9h40w09\" class=\"cmsmasters_heading_wrap cmsmasters_heading_align_left\">\n\t<h2 class=\"cmsmasters_heading cmsmasters-icon-award-alt\">Prix Musique<\/h2>\n<\/div><div id=\"cmsmasters_heading_62r5mrxt06\" class=\"cmsmasters_heading_wrap cmsmasters_heading_align_left\">\n\t<h4 class=\"cmsmasters_heading\">\u00ab La Vie Va Trop Vite \u00bb<\/h4>\n<\/div><div id=\"cmsmasters_heading_fcjkjj0qr\" class=\"cmsmasters_heading_wrap cmsmasters_heading_align_left\">\n\t<h5 class=\"cmsmasters_heading\">Coll\u00e8ge Paul Painleve<\/h5>\n<\/div><div id=\"cmsmasters_heading_r6hxvs0bym\" class=\"cmsmasters_heading_wrap cmsmasters_heading_align_left\">\n\t<h5 class=\"cmsmasters_heading\">Sevran <\/h5>\n<\/div><div id=\"cmsmasters_heading_vpsk4nsj3\" class=\"cmsmasters_heading_wrap cmsmasters_heading_align_left\">\n\t<h2 class=\"cmsmasters_heading cmsmasters-icon-award-alt\">Ex-aequo<\/h2>\n<\/div><div id=\"cmsmasters_heading_sfpjowijr\" class=\"cmsmasters_heading_wrap cmsmasters_heading_align_left\">\n\t<h4 class=\"cmsmasters_heading\">\u00ab Demain C\u2019est Maintenant \u00bb<\/h4>\n<\/div><div id=\"cmsmasters_heading_yxxiya2lam\" class=\"cmsmasters_heading_wrap cmsmasters_heading_align_left\">\n\t<h5 class=\"cmsmasters_heading\">Coll\u00e8ge Fraissinet<\/h5>\n<\/div><div id=\"cmsmasters_heading_qdg4eijqdt\" class=\"cmsmasters_heading_wrap cmsmasters_heading_align_left\">\n\t<h5 class=\"cmsmasters_heading\">Marseille <\/h5>\n<\/div><div id=\"cmsmasters_heading_du6k80p02o\" class=\"cmsmasters_heading_wrap cmsmasters_heading_align_left\">\n\t<h2 class=\"cmsmasters_heading cmsmasters-icon-award-alt\">Prix Europ\u00e9en<\/h2>\n<\/div><div id=\"cmsmasters_heading_cm0pu329ie\" class=\"cmsmasters_heading_wrap cmsmasters_heading_align_left\">\n\t<h4 class=\"cmsmasters_heading\">\u00ab Le Prix de l\u2019Air \u00bb<\/h4>\n<\/div><div id=\"cmsmasters_heading_1fbphcj2gd\" class=\"cmsmasters_heading_wrap cmsmasters_heading_align_left\">\n\t<h5 class=\"cmsmasters_heading\">Espagne<\/h5>\n<\/div><div id=\"cmsmasters_heading_z9072557pj\" class=\"cmsmasters_heading_wrap cmsmasters_heading_align_left\">\n\t<h2 class=\"cmsmasters_heading cmsmasters-icon-award-alt\">Prix International<\/h2>\n<\/div><div id=\"cmsmasters_heading_nmu9trykcb\" class=\"cmsmasters_heading_wrap cmsmasters_heading_align_left\">\n\t<h4 class=\"cmsmasters_heading\">\u00ab La Nature est une autre \u00bb<\/h4>\n<\/div><div id=\"cmsmasters_heading_8u5adpcc1r\" class=\"cmsmasters_heading_wrap cmsmasters_heading_align_left\">\n\t<h5 class=\"cmsmasters_heading\">Lyc\u00e9e Franco-Costaricien<\/h5>\n<\/div><div id=\"cmsmasters_heading_ma4ki02o3e\" class=\"cmsmasters_heading_wrap cmsmasters_heading_align_left\">\n\t<h5 class=\"cmsmasters_heading\">Curridabat (Costa-Rica)<\/h5>\n<\/div><div id=\"cmsmasters_heading_k0kx9kdjn\" class=\"cmsmasters_heading_wrap cmsmasters_heading_align_left\">\n\t<h2 class=\"cmsmasters_heading cmsmasters-icon-award-alt\">Prix du Jury<\/h2>\n<\/div><div id=\"cmsmasters_heading_r5wsb1o9f6\" class=\"cmsmasters_heading_wrap cmsmasters_heading_align_left\">\n\t<h4 class=\"cmsmasters_heading\">\u00ab Quelles Photos pour Demain ? \u00bb<\/h4>\n<\/div><div id=\"cmsmasters_heading_2bgyab2hb6\" class=\"cmsmasters_heading_wrap cmsmasters_heading_align_left\">\n\t<h5 class=\"cmsmasters_heading\">Notre Dame de la Riche<\/h5>\n<\/div><div id=\"cmsmasters_heading_8ui2og1m6a\" class=\"cmsmasters_heading_wrap cmsmasters_heading_align_left\">\n\t<h5 class=\"cmsmasters_heading\">Tours<\/h5>\n<\/div>\n<\/div><\/div>\n<\/div>\n<\/div>\n<\/div>\n<\/div>\n<\/div>\n<div id=\"cmsmasters_row_0b4nudf4zu\" class=\"cmsmasters_row cmsmasters_color_scheme_default cmsmasters_row_top_default cmsmasters_row_bot_default cmsmasters_row_boxed\">\n<div class=\"cmsmasters_row_outer_parent\">\n<div class=\"cmsmasters_row_outer\">\n<div class=\"cmsmasters_row_inner\">\n<div class=\"cmsmasters_row_margin\">\n<div id=\"cmsmasters_column_4eo0fwj728\" class=\"cmsmasters_column one_first\">\n<div class=\"cmsmasters_column_inner\"><div class=\"cmsmasters_text\">\n<h2 style=\"text-align: center; font-family: 'montserrat'; color: #ffffff;\">D\u00e9couvrez l&rsquo;ensemble des cr\u00e9ations en s\u00e9lection officielle 2025 <a style=\"color: #ffffff;\" href=\"https:\/\/www.youtube.com\/playlist?list=PLDRfxnKB5JdHOIE_BHXdoN-MMZQnqP6Q3\">ici.<\/a><\/h2>\n<\/div>\n<\/div><\/div>\n<\/div>\n<\/div>\n<\/div>\n<\/div>\n<\/div>\n\n","protected":false},"excerpt":{"rendered":"","protected":false},"author":1,"featured_media":0,"parent":0,"menu_order":0,"comment_status":"closed","ping_status":"closed","template":"","meta":{"footnotes":""},"class_list":["post-15745","page","type-page","status-publish","hentry"],"_links":{"self":[{"href":"https:\/\/ecotubeurs.com\/index.php\/wp-json\/wp\/v2\/pages\/15745","targetHints":{"allow":["GET"]}}],"collection":[{"href":"https:\/\/ecotubeurs.com\/index.php\/wp-json\/wp\/v2\/pages"}],"about":[{"href":"https:\/\/ecotubeurs.com\/index.php\/wp-json\/wp\/v2\/types\/page"}],"author":[{"embeddable":true,"href":"https:\/\/ecotubeurs.com\/index.php\/wp-json\/wp\/v2\/users\/1"}],"replies":[{"embeddable":true,"href":"https:\/\/ecotubeurs.com\/index.php\/wp-json\/wp\/v2\/comments?post=15745"}],"version-history":[{"count":41,"href":"https:\/\/ecotubeurs.com\/index.php\/wp-json\/wp\/v2\/pages\/15745\/revisions"}],"predecessor-version":[{"id":15805,"href":"https:\/\/ecotubeurs.com\/index.php\/wp-json\/wp\/v2\/pages\/15745\/revisions\/15805"}],"wp:attachment":[{"href":"https:\/\/ecotubeurs.com\/index.php\/wp-json\/wp\/v2\/media?parent=15745"}],"curies":[{"name":"wp","href":"https:\/\/api.w.org\/{rel}","templated":true}]}}