{"id":7366,"date":"2015-11-18T08:37:53","date_gmt":"2015-11-18T08:37:53","guid":{"rendered":"http:\/\/interior-design.cmsmasters.net\/?page_id=7366"},"modified":"2025-07-30T15:41:06","modified_gmt":"2025-07-30T13:41:06","slug":"home-store","status":"publish","type":"page","link":"https:\/\/ecotubeurs.com\/","title":{"rendered":"Home"},"content":{"rendered":"<div id=\"cmsmasters_row_83hce86sns\" class=\"cmsmasters_row cmsmasters_color_scheme_default cmsmasters_row_top_default cmsmasters_row_bot_default cmsmasters_row_fullwidth\">\n<div class=\"cmsmasters_row_outer_parent\">\n<div class=\"cmsmasters_row_outer\">\n<div class=\"cmsmasters_row_inner cmsmasters_row_fullwidth\">\n<div class=\"cmsmasters_row_margin\">\n<div id=\"cmsmasters_column_\" class=\"cmsmasters_column one_first\">\n<div class=\"cmsmasters_column_inner\">\n<div class=\"cmsmasters_slider\">\n\t\t\t\t<p class=\"rs-p-wp-fix\"><\/p>\n\t\t\t\t<sr7-module data-alias=\"home_slider\" data-id=\"1\" id=\"SR7_1_1\" class=\"rs-ov-hidden\" data-version=\"6.7.28\">\n\t\t\t\t\t<sr7-adjuster><\/sr7-adjuster>\n\t\t\t\t\t<sr7-content>\n\t\t\t\t\t\t<sr7-slide id=\"SR7_1_1-1\" data-key=\"1\">\n\t\t\t\t\t\t\t<sr7-bg id=\"SR7_1_1-1-7\" class=\"sr7-layer\"><noscript><img decoding=\"async\" src=\"https:\/\/ecotubeurs.com\/wp-content\/uploads\/2025\/07\/Plan-de-travail-1.jpg\" alt=\"\" title=\"Plan de travail 1\"><\/noscript><\/sr7-bg>\n\t\t\t\t\t\t\t<sr7-txt id=\"SR7_1_1-1-1\" class=\"sr7-layer\">R\u00e9alisez vos films,<\/sr7-txt>\n\t\t\t\t\t\t\t<sr7-txt id=\"SR7_1_1-1-2\" class=\"sr7-layer\">Engagez-vous pour la plan\u00e8te<\/sr7-txt>\n\t\t\t\t\t\t\t<sr7-txt id=\"SR7_1_1-1-3\" class=\"sr7-layer\">Ateliers et Prix Jeunesse Ecotubeurs<\/sr7-txt>\n\t\t\t\t\t\t\t<sr7-txt id=\"SR7_1_1-1-6\" class=\"sr7-layer\">Participer au Prix<\/sr7-txt>\n\t\t\t\t\t\t<\/sr7-slide>\n\t\t\t\t\t\t<sr7-slide id=\"SR7_1_1-9\" data-key=\"9\">\n\t\t\t\t\t\t<\/sr7-slide>\n\t\t\t\t\t<\/sr7-content>\n\t\t\t\t\t<image_lists style=\"display:none\">\n\t\t\t\t\t\t<img data-src=\"\/\/ecotubeurs.com\/wp-content\/uploads\/2025\/07\/Plan-de-travail-1.jpg\" data-libid=\"15884\" data-lib=\"medialibrary\" title=\"Plan de travail 1\" width=\"0\" height=\"0\" data-dbsrc=\"Ly9lY290dWJldXJzLmNvbS93cC1jb250ZW50L3VwbG9hZHMvMjAyNS8wNy9QbGFuLWRlLXRyYXZhaWwtMS5qcGc=\"\/>\n\t\t\t\t\t<\/image_lists>\n\t\t\t\t<\/sr7-module>\n\t\t\t\t<script>\n\t\t\t\t\tSR7.PMH ??={}; SR7.PMH[\"SR7_1_1\"] = {cn:100,state:false,fn: function() { if (_tpt!==undefined && _tpt.prepareModuleHeight !== undefined) {  _tpt.prepareModuleHeight({id:\"SR7_1_1\",el:[830,830,768,778,580],type:'standard',shdw:'0',gh:[830,830,768,778,580],gw:[1360,1360,1024,778,480],vpt:['-100px&#039;,&#039;-100px&#039;,&#039;-100px&#039;,&#039;-100px&#039;,&#039;-100px'],size:{fullWidth:false, fullHeight:false},mh:'0',onh:0,onw:0,bg:{color:'{\"orig\":\"transparent\",\"type\":\"solid\",\"string\":\"transparent\"}'},plType:'0',plColor:'#FFFFFF'});   SR7.PMH[\"SR7_1_1\"].state=true;} else if(SR7.PMH[\"SR7_1_1\"].cn-->0)\tsetTimeout( SR7.PMH[\"SR7_1_1\"].fn,19);}};SR7.PMH[\"SR7_1_1\" ].fn();\n\t\t\t\t<\/script>\n<\/div>\n<\/div><\/div>\n<\/div>\n<\/div>\n<\/div>\n<\/div>\n<\/div>\n<div id=\"cmsmasters_row_ucs4e1cfdh\" class=\"cmsmasters_row cmsmasters_color_scheme_default cmsmasters_row_top_default cmsmasters_row_bot_default cmsmasters_row_fullwidth\">\n<div class=\"cmsmasters_row_outer_parent\">\n<div class=\"cmsmasters_row_outer\">\n<div class=\"cmsmasters_row_inner cmsmasters_row_fullwidth cmsmasters_row_no_margin\">\n<div class=\"cmsmasters_row_margin cmsmasters_row_columns_behavior\">\n<div id=\"cmsmasters_column_sclh9r6jib\" class=\"cmsmasters_column two_third\">\n<div class=\"cmsmasters_column_inner\"><div id=\"cmsmasters_heading_vb4bc56kh4\" class=\"cmsmasters_heading_wrap cmsmasters_heading_align_left\">\n\t<h2 class=\"cmsmasters_heading\">Prix Jeunesse Ecotubeurs<\/h2>\n<\/div><div id=\"cmsmasters_heading_pqvyo1eyi8\" class=\"cmsmasters_heading_wrap cmsmasters_heading_align_left\">\n\t<h4 class=\"cmsmasters_heading\">Le Prix Jeunesse Ecotubeurs cr\u00e9\u00e9 en 2021 est parrain\u00e9 par G\u00e9rard Jugnot. L\u2019acteur s\u2019est toujours engag\u00e9 dans sa carri\u00e8re pour la jeunesse, la cause climatique et environnementale.<\/h4>\n<\/div><div id=\"cmsmasters_heading_wzm1rvzfeu\" class=\"cmsmasters_heading_wrap cmsmasters_heading_align_left\">\n\t<h4 class=\"cmsmasters_heading\">Les Ecotubeurs ont pour objectif de permettre \u00e0 des jeunes d\u2019\u00e9coles primaires, coll\u00e8ges etlyc\u00e9es de r\u00e9aliser des courts films sur le th\u00e8me du climat et de l\u2019\u00e9cologie.<\/h4>\n<\/div><div id=\"cmsmasters_heading_a4f5df4c4t\" class=\"cmsmasters_heading_wrap cmsmasters_heading_align_left\">\n\t<h4 class=\"cmsmasters_heading\">Avec les \u00e9quipes p\u00e9dagogiques les \u00e9l\u00e8ves sont invit\u00e9s \u00e0 partir de leur cr\u00e9ativit\u00e9 \u00e0 r\u00e9fl\u00e9chir sur les probl\u00e9matiques environnementales qu\u2019ils voudront exposer.<\/h4>\n<\/div>\n<\/div><\/div>\n<div id=\"cmsmasters_column_1dxj3j9sh7\" class=\"cmsmasters_column one_third\">\n<div class=\"cmsmasters_column_inner\"><\/div><\/div>\n<\/div>\n<\/div>\n<\/div>\n<\/div>\n<\/div>\n<div id=\"cmsmasters_row_cuc5exahls\" class=\"cmsmasters_row cmsmasters_color_scheme_third cmsmasters_row_top_default cmsmasters_row_bot_default cmsmasters_row_boxed\">\n<div class=\"cmsmasters_row_outer_parent\">\n<div class=\"cmsmasters_row_outer\">\n<div class=\"cmsmasters_row_inner\">\n<div class=\"cmsmasters_row_margin\">\n<div id=\"cmsmasters_column_yinielq9o\" class=\"cmsmasters_column one_first\">\n<div class=\"cmsmasters_column_inner\"><div id=\"cmsmasters_heading_ezf6y0vqk6\" class=\"cmsmasters_heading_wrap cmsmasters_heading_align_center\">\n\t<h4 class=\"cmsmasters_heading\">Les Prix \u00c9cotubeurs mettent en relation plusieurs univers : l\u2019environnement, le cin\u00e9ma et la culture. Ils permettent aux participants ainsi qu\u2019au public d\u2019\u00e9largir leur regard sur les questions environnementales et de prendre conscience des enjeux contemporains.<\/h4>\n<\/div>\n<\/div><\/div>\n<\/div>\n<\/div>\n<\/div>\n<\/div>\n<\/div>\n<div id=\"cmsmasters_row_2jjlbo61u8\" class=\"cmsmasters_row cmsmasters_color_scheme_default cmsmasters_row_top_default cmsmasters_row_bot_default cmsmasters_row_boxed\">\n<div class=\"cmsmasters_row_outer_parent\">\n<div class=\"cmsmasters_row_outer\">\n<div class=\"cmsmasters_row_inner\">\n<div class=\"cmsmasters_row_margin\">\n<div id=\"cmsmasters_column_4z267rwi0k\" class=\"cmsmasters_column one_first\">\n<div class=\"cmsmasters_column_inner\">\n<div class=\"cmsmasters_slider\">\n\t\t\t\t<p class=\"rs-p-wp-fix\"><\/p>\n\t\t\t\t<sr7-module data-alias=\"Valeurs\" data-id=\"21\" id=\"SR7_21_2\" class=\"rs-ov-hidden\" data-version=\"6.7.28\">\n\t\t\t\t\t<sr7-adjuster><\/sr7-adjuster>\n\t\t\t\t\t<sr7-content>\n\t\t\t\t\t\t<sr7-slide id=\"SR7_21_2-50\" data-key=\"50\">\n\t\t\t\t\t\t\t<sr7-txt id=\"SR7_21_2-50-14\" class=\"sr7-layer\">\u00c9ducation \u00e0 l\u2019image<\/sr7-txt>\n\t\t\t\t\t\t\t<sr7-txt id=\"SR7_21_2-50-15\" class=\"sr7-layer\">Climat<\/sr7-txt>\n\t\t\t\t\t\t\t<sr7-txt id=\"SR7_21_2-50-16\" class=\"sr7-layer\">Protection de l\u2019environnement<\/sr7-txt>\n\t\t\t\t\t\t\t<sr7-txt id=\"SR7_21_2-50-17\" class=\"sr7-layer\">Sensibilisation \u00e0 l\u2019\u00e9cologie<\/sr7-txt>\n\t\t\t\t\t\t\t<sr7-txt id=\"SR7_21_2-50-18\" class=\"sr7-layer\">Biodiversit\u00e9<\/sr7-txt>\n\t\t\t\t\t\t\t<sr7-txt id=\"SR7_21_2-50-19\" class=\"sr7-layer\">International<\/sr7-txt>\n\t\t\t\t\t\t<\/sr7-slide>\n\t\t\t\t\t\t<sr7-slide id=\"SR7_21_2-51\" data-key=\"51\">\n\t\t\t\t\t\t<\/sr7-slide>\n\t\t\t\t\t<\/sr7-content>\n\t\t\t\t<\/sr7-module>\n\t\t\t\t<script>\n\t\t\t\t\tSR7.PMH ??={}; SR7.PMH[\"SR7_21_2\"] = {cn:100,state:false,fn: function() { if (_tpt!==undefined && _tpt.prepareModuleHeight !== undefined) {  _tpt.prepareModuleHeight({id:\"SR7_21_2\",el:[400,400,768,960,720],type:'standard',shdw:'0',gh:[400,400,,,],gw:[1240,1240,1024,778,480],vpt:['-100px'],size:{fullWidth:true, fullHeight:false},mh:'0',onh:0,onw:0,bg:{color:'{\"orig\":\"transparent\",\"type\":\"solid\",\"string\":\"transparent\"}'}});   SR7.PMH[\"SR7_21_2\"].state=true;} else if(SR7.PMH[\"SR7_21_2\"].cn-->0)\tsetTimeout( SR7.PMH[\"SR7_21_2\"].fn,19);}};SR7.PMH[\"SR7_21_2\" ].fn();\n\t\t\t\t<\/script>\n<\/div>\n<\/div><\/div>\n<\/div>\n<\/div>\n<\/div>\n<\/div>\n<\/div>\n<div id=\"cmsmasters_row_47292o7tzc\" class=\"cmsmasters_row cmsmasters_color_scheme_default cmsmasters_row_top_default cmsmasters_row_bot_default cmsmasters_row_fullwidth\">\n<div class=\"cmsmasters_row_outer_parent\">\n<div class=\"cmsmasters_row_outer\">\n<div class=\"cmsmasters_row_inner cmsmasters_row_fullwidth\">\n<div class=\"cmsmasters_row_margin\">\n<div id=\"cmsmasters_column_39ntsp5cs\" class=\"cmsmasters_column one_half\">\n<div class=\"cmsmasters_column_inner\"><div id=\"cmsmasters_heading_a6adlk6fay\" class=\"cmsmasters_heading_wrap cmsmasters_heading_align_left\">\n\t<h2 class=\"cmsmasters_heading\">Pr\u00e9sentation<\/h2>\n<\/div><div id=\"cmsmasters_heading_ca57ezmza\" class=\"cmsmasters_heading_wrap cmsmasters_heading_align_left\">\n\t<h3 class=\"cmsmasters_heading\">Les Ateliers et Prix Jeunesse Ecotubeurs proposent aux \u00e9l\u00e8ves de la primaire au lyc\u00e9e de toutes les acad\u00e9mies de r\u00e9aliser des \u0153uvres ou des films courts sur le th\u00e8me de l&rsquo;\u00e9cologie, du climat et de la pr\u00e9servation de la biodiversit\u00e9. Les cr\u00e9ations filmiques (1 \u00e0 5 min.) peuvent \u00eatre r\u00e9alis\u00e9es sous diff\u00e9rents formats : fiction, reportage, clip musical,stop motion, podcast video.<\/h3>\n<\/div><div id=\"cmsmasters_heading_k4sc04s3k\" class=\"cmsmasters_heading_wrap cmsmasters_heading_align_left\">\n\t<h3 class=\"cmsmasters_heading\">L\u2019ensemble des productions r\u00e9alis\u00e9 par les jeunes constitue la pr\u00e9s\u00e9lection pour participer au Prix Ecotubeurs. Le Prix r\u00e9compense les travaux des \u00e9l\u00e8ves r\u00e9alis\u00e9s pendant l\u2019ann\u00e9e scolaire.<\/h3>\n<\/div><div id=\"cmsmasters_heading_o45dy3lwqs\" class=\"cmsmasters_heading_wrap cmsmasters_heading_align_left\">\n\t<h3 class=\"cmsmasters_heading\">Les Ecotubeurs sont sous le haut parrainage des minist\u00e8res avec le soutien du Minist\u00e8re de l\u2019\u00c9ducation nationale, Minist\u00e8re de la Culture et le Minist\u00e8re de la Transition \u00c9cologique.<\/h3>\n<\/div><div id=\"cmsmasters_heading_ldrbpnybwb\" class=\"cmsmasters_heading_wrap cmsmasters_heading_align_left\">\n\t<h3 class=\"cmsmasters_heading\">Les prix seront remis dans le cadre du Festival de Cannes 2026.<\/h3>\n<\/div><div id=\"cmsmasters_button_11a0t88z8\" class=\"button_wrap\"><a href=\"https:\/\/ecotubeurs.com\/wp-content\/uploads\/2025\/07\/Presentation-Ecotubeurs-2026-Francais.pdf\" class=\"cmsmasters_button\" target=\"_blank\"><span>T\u00e9l\u00e9charger le dossier<\/span><\/a><\/div>\n<\/div><\/div>\n<div id=\"cmsmasters_column_5gdbuf4sco\" class=\"cmsmasters_column one_half\">\n<div class=\"cmsmasters_column_inner\"><div id=\"cmsmasters_heading_94shkjdkmg\" class=\"cmsmasters_heading_wrap cmsmasters_heading_align_left\">\n\t<h2 class=\"cmsmasters_heading\">Une reconnaissance nationale<\/h2>\n<\/div><div id=\"cmsmasters_heading_i5otgvnsck\" class=\"cmsmasters_heading_wrap cmsmasters_heading_align_left\">\n\t<h3 class=\"cmsmasters_heading\">L\u2019ensemble des productions r\u00e9alis\u00e9es par les jeunes constitue la pr\u00e9-s\u00e9lection pour participer au Prix \u00c9cotubeurs. Le Prix r\u00e9compense les travaux des \u00e9l\u00e8ves r\u00e9alis\u00e9s pendant l\u2019ann\u00e9e scolaire. Les \u00c9cotubeurs sont plac\u00e9s sous le haut parrainage des minist\u00e8res, avec le soutien du Minist\u00e8re de l\u2019\u00c9ducation nationale, du Minist\u00e8re de la Culture et du Minist\u00e8re de la Transition \u00c9cologique. Les prix seront remis dans le cadre du Festival de Cannes 2025.<\/h3>\n<\/div>\n<\/div><\/div>\n<\/div>\n<\/div>\n<\/div>\n<\/div>\n<\/div>\n<div id=\"cmsmasters_row_df8pi68lf9\" class=\"cmsmasters_row cmsmasters_color_scheme_default cmsmasters_row_top_default cmsmasters_row_bot_default cmsmasters_row_boxed\">\n<div class=\"cmsmasters_row_outer_parent\">\n<div class=\"cmsmasters_row_outer\">\n<div class=\"cmsmasters_row_inner\">\n<div class=\"cmsmasters_row_margin\">\n<div id=\"cmsmasters_column_9i82paqdy\" class=\"cmsmasters_column one_first\">\n<div class=\"cmsmasters_column_inner\">\n<div class=\"cmsmasters_slider\">\n\t\t\t\t<p class=\"rs-p-wp-fix\"><\/p>\n\t\t\t\t<sr7-module data-alias=\"Partenaires-logo\" data-id=\"19\" id=\"SR7_19_3\" class=\"rs-ov-hidden\" data-version=\"6.7.28\">\n\t\t\t\t\t<sr7-adjuster><\/sr7-adjuster>\n\t\t\t\t\t<sr7-content>\n\t\t\t\t\t\t<sr7-slide id=\"SR7_19_3-46\" data-key=\"46\">\n\t\t\t\t\t\t<\/sr7-slide>\n\t\t\t\t\t\t<sr7-slide id=\"SR7_19_3-47\" data-key=\"47\">\n\t\t\t\t\t\t<\/sr7-slide>\n\t\t\t\t\t<\/sr7-content>\n\t\t\t\t\t<image_lists style=\"display:none\">\n\t\t\t\t\t\t<img data-src=\"\/\/ecotubeurs.com\/wp-content\/uploads\/2025\/07\/Logo_europe_creative_media.png\" data-libid=\"15720\" data-lib=\"medialibrary\" title=\"Logo_europe_creative_media\" width=\"0\" height=\"0\" data-dbsrc=\"Ly9lY290dWJldXJzLmNvbS93cC1jb250ZW50L3VwbG9hZHMvMjAyNS8wNy9Mb2dvX2V1cm9wZV9jcmVhdGl2ZV9tZWRpYS5wbmc=\"\/>\n\t\t\t\t\t\t<img data-src=\"\/\/ecotubeurs.com\/wp-content\/uploads\/2025\/04\/Logo-Pass-Culture-e1745510920534.png\" data-libid=\"15619\" data-lib=\"medialibrary\" title=\"Logo Pass Culture\" width=\"0\" height=\"0\" data-dbsrc=\"Ly9lY290dWJldXJzLmNvbS93cC1jb250ZW50L3VwbG9hZHMvMjAyNS8wNC9Mb2dvLVBhc3MtQ3VsdHVyZS1lMTc0NTUxMDkyMDUzNC5wbmc=\"\/>\n\t\t\t\t\t\t<img data-src=\"\/\/ecotubeurs.com\/wp-content\/uploads\/2025\/04\/Logo-CNC-e1745510938224.png\" data-libid=\"15620\" data-lib=\"medialibrary\" title=\"Logo CNC\" width=\"0\" height=\"0\" data-dbsrc=\"Ly9lY290dWJldXJzLmNvbS93cC1jb250ZW50L3VwbG9hZHMvMjAyNS8wNC9Mb2dvLUNOQy1lMTc0NTUxMDkzODIyNC5wbmc=\"\/>\n\t\t\t\t\t\t<img data-src=\"\/\/ecotubeurs.com\/wp-content\/uploads\/2025\/04\/Logo-Festival-de-Porquerolles-e1745510957614.png\" data-libid=\"15621\" data-lib=\"medialibrary\" title=\"Logo Festival de Porquerolles\" width=\"0\" height=\"0\" data-dbsrc=\"Ly9lY290dWJldXJzLmNvbS93cC1jb250ZW50L3VwbG9hZHMvMjAyNS8wNC9Mb2dvLUZlc3RpdmFsLWRlLVBvcnF1ZXJvbGxlcy1lMTc0NTUxMDk1NzYxNC5wbmc=\"\/>\n\t\t\t\t\t\t<img data-src=\"\/\/ecotubeurs.com\/wp-content\/uploads\/2025\/04\/Logo-Ministere-de-la-Culture-e1745510974617.png\" data-libid=\"15622\" data-lib=\"medialibrary\" title=\"Logo Minist\u00e8re de la Culture\" width=\"0\" height=\"0\" data-dbsrc=\"Ly9lY290dWJldXJzLmNvbS93cC1jb250ZW50L3VwbG9hZHMvMjAyNS8wNC9Mb2dvLU1pbmlzdGVyZS1kZS1sYS1DdWx0dXJlLWUxNzQ1NTEwOTc0NjE3LnBuZw==\"\/>\n\t\t\t\t\t\t<img data-src=\"\/\/ecotubeurs.com\/wp-content\/uploads\/2025\/04\/Logo-Ministere-de-la-Transition-Ecologique-e1745510990413.png\" data-libid=\"15623\" data-lib=\"medialibrary\" title=\"Logo Minist\u00e8re de la Transition \u00c9cologique\" width=\"0\" height=\"0\" data-dbsrc=\"Ly9lY290dWJldXJzLmNvbS93cC1jb250ZW50L3VwbG9hZHMvMjAyNS8wNC9Mb2dvLU1pbmlzdGVyZS1kZS1sYS1UcmFuc2l0aW9uLUVjb2xvZ2lxdWUtZTE3NDU1MTA5OTA0MTMucG5n\"\/>\n\t\t\t\t\t\t<img data-src=\"\/\/ecotubeurs.com\/wp-content\/uploads\/2025\/04\/Logo-Ministere-de-lEducation-Nationale-e1745511007608.png\" data-libid=\"15624\" data-lib=\"medialibrary\" title=\"Logo Minist\u00e8re de l&rsquo;\u00c9ducation Nationale\" width=\"0\" height=\"0\" data-dbsrc=\"Ly9lY290dWJldXJzLmNvbS93cC1jb250ZW50L3VwbG9hZHMvMjAyNS8wNC9Mb2dvLU1pbmlzdGVyZS1kZS1sRWR1Y2F0aW9uLU5hdGlvbmFsZS1lMTc0NTUxMTAwNzYwOC5wbmc=\"\/>\n\t\t\t\t\t<\/image_lists>\n\t\t\t\t<\/sr7-module>\n\t\t\t\t<script>\n\t\t\t\t\tSR7.PMH ??={}; SR7.PMH[\"SR7_19_3\"] = {cn:100,state:false,fn: function() { if (_tpt!==undefined && _tpt.prepareModuleHeight !== undefined) {  _tpt.prepareModuleHeight({id:\"SR7_19_3\",el:[300,300,768,960,720],type:'standard',shdw:'0',gh:[300,300,248,188,116],gw:[1240,1240,1024,778,480],vpt:['-100px'],size:{fullWidth:true, fullHeight:false},mh:'0',onh:0,onw:0,bg:{color:'{\"orig\":\"transparent\",\"type\":\"solid\",\"string\":\"transparent\"}'}});   SR7.PMH[\"SR7_19_3\"].state=true;} else if(SR7.PMH[\"SR7_19_3\"].cn-->0)\tsetTimeout( SR7.PMH[\"SR7_19_3\"].fn,19);}};SR7.PMH[\"SR7_19_3\" ].fn();\n\t\t\t\t<\/script>\n<\/div>\n<\/div><\/div>\n<\/div>\n<\/div>\n<\/div>\n<\/div>\n<\/div>\n\n","protected":false},"excerpt":{"rendered":"","protected":false},"author":1,"featured_media":0,"parent":0,"menu_order":0,"comment_status":"closed","ping_status":"closed","template":"","meta":{"footnotes":""},"class_list":["post-7366","page","type-page","status-publish","hentry"],"_links":{"self":[{"href":"https:\/\/ecotubeurs.com\/index.php\/wp-json\/wp\/v2\/pages\/7366","targetHints":{"allow":["GET"]}}],"collection":[{"href":"https:\/\/ecotubeurs.com\/index.php\/wp-json\/wp\/v2\/pages"}],"about":[{"href":"https:\/\/ecotubeurs.com\/index.php\/wp-json\/wp\/v2\/types\/page"}],"author":[{"embeddable":true,"href":"https:\/\/ecotubeurs.com\/index.php\/wp-json\/wp\/v2\/users\/1"}],"replies":[{"embeddable":true,"href":"https:\/\/ecotubeurs.com\/index.php\/wp-json\/wp\/v2\/comments?post=7366"}],"version-history":[{"count":41,"href":"https:\/\/ecotubeurs.com\/index.php\/wp-json\/wp\/v2\/pages\/7366\/revisions"}],"predecessor-version":[{"id":15735,"href":"https:\/\/ecotubeurs.com\/index.php\/wp-json\/wp\/v2\/pages\/7366\/revisions\/15735"}],"wp:attachment":[{"href":"https:\/\/ecotubeurs.com\/index.php\/wp-json\/wp\/v2\/media?parent=7366"}],"curies":[{"name":"wp","href":"https:\/\/api.w.org\/{rel}","templated":true}]}}